{"id":170,"date":"2015-12-12T13:07:23","date_gmt":"2015-12-12T12:07:23","guid":{"rendered":"http:\/\/carspeed.hu\/kosamuhelykft\/?page_id=170"},"modified":"2018-05-14T15:18:36","modified_gmt":"2018-05-14T14:18:36","slug":"kosa-muhely-kft-kapcsolat","status":"publish","type":"page","link":"https:\/\/kosamuhely.hu\/en\/kosa-muhely-kft-kapcsolat\/","title":{"rendered":"Kapcsolat"},"content":{"rendered":"<div class=\"leftcap\">\n<div class=\"leftcap\">K\u00f3sa M\u0171hely Kft.<\/div>\n<div class=\"forumheader3\">6762 S\u00e1ndorfalva, Kors\u00f3 utca 10\/A<\/div>\n<div class=\"forumheader3\">Telefon, fax: +3662251333<\/div>\n<div class=\"forumheader3\"><a href=\"mailto:kosamuhely@kosamuhely.hu\">kosamuhely@kosamuhely.hu<\/a><\/div>\n<p>&nbsp;<\/p>\n<div class=\"forumheader3\"><\/div>\n<div class=\"forumheader3\">\n<div class=\"leftcap\">K\u00f3sa Lajos \u00fcgyvezet\u0151<\/div>\n<div class=\"forumheader3\"><strong class=\"bbcode bold\">Mobil:<\/strong> +36309955268<\/div>\n<div class=\"forumheader3\"><a href=\"mailto:kosa.lajos@kosamuhely.hu\">kosa.lajos@kosamuhely.hu<\/a><\/div>\n<p>&nbsp;<\/p>\n<\/div>\n<div class=\"forumheader3\"><\/div>\n<div class=\"forumheader3\"><\/div>\n<div class=\"forumheader3\">\n<div class=\"leftcap\">K\u00f3sa Bal\u00e1zs \u00fcgyvezet\u0151<\/div>\n<div class=\"forumheader3\"><strong class=\"bbcode bold\">Mobil:<\/strong> +36302099842<\/div>\n<div class=\"forumheader3\"><a href=\"mailto:kosa.balazs@kosamuhely.hu\">kosa.balazs@kosamuhely.hu<\/a><\/div>\n<\/div>\n<\/div>\n<div class=\"forumheader3\"><\/div>\n<div class=\"forumheader3\"><\/div>\n<div class=\"forumheader3\"><\/div>\n<p><iframe loading=\"lazy\" style=\"border: 0;\" src=\"https:\/\/www.google.com\/maps\/embed?pb=!1m18!1m12!1m3!1d2753.3847989868773!2d20.109263314950695!3d46.361752979121846!2m3!1f0!2f0!3f0!3m2!1i1024!2i768!4f13.1!3m3!1m2!1s0x47447c0693b3f25f%3A0x64a47cf202a6b5ea!2zS8Ozc2EgTcWxaGVseSBLZnQu!5e0!3m2!1shu!2shu!4v1490082292223\" width=\"600\" height=\"450\" frameborder=\"0\" allowfullscreen=\"allowfullscreen\"><\/iframe><\/p>","protected":false},"excerpt":{"rendered":"<p>K\u00f3sa M\u0171hely Kft.<br \/>\n6762 S\u00e1ndorfalva, Kors\u00f3 utca 10\/A<br \/>\nTelefon, fax: +3662251333<br \/>\nkosamuhely@kosamuhely.hu<\/p>","protected":false},"author":1,"featured_media":0,"parent":0,"menu_order":0,"comment_status":"closed","ping_status":"closed","template":"","meta":[],"_links":{"self":[{"href":"https:\/\/kosamuhely.hu\/en\/wp-json\/wp\/v2\/pages\/170"}],"collection":[{"href":"https:\/\/kosamuhely.hu\/en\/wp-json\/wp\/v2\/pages"}],"about":[{"href":"https:\/\/kosamuhely.hu\/en\/wp-json\/wp\/v2\/types\/page"}],"author":[{"embeddable":true,"href":"https:\/\/kosamuhely.hu\/en\/wp-json\/wp\/v2\/users\/1"}],"replies":[{"embeddable":true,"href":"https:\/\/kosamuhely.hu\/en\/wp-json\/wp\/v2\/comments?post=170"}],"version-history":[{"count":21,"href":"https:\/\/kosamuhely.hu\/en\/wp-json\/wp\/v2\/pages\/170\/revisions"}],"predecessor-version":[{"id":515,"href":"https:\/\/kosamuhely.hu\/en\/wp-json\/wp\/v2\/pages\/170\/revisions\/515"}],"wp:attachment":[{"href":"https:\/\/kosamuhely.hu\/en\/wp-json\/wp\/v2\/media?parent=170"}],"curies":[{"name":"wp","href":"https:\/\/api.w.org\/{rel}","templated":true}]}}